{"id":3,"date":"2022-01-13T11:07:00","date_gmt":"2022-01-13T11:07:00","guid":{"rendered":"http:\/\/cocemfetenerife.org\/?page_id=3"},"modified":"2022-01-19T10:38:06","modified_gmt":"2022-01-19T10:38:06","slug":"aviso-legal","status":"publish","type":"page","link":"https:\/\/cocemfetenerife.org\/index.php\/aviso-legal\/","title":{"rendered":"Aviso legal"},"content":{"rendered":"\n<h2>Identificaci\u00f3n y Titularidad<\/h2>\n\n<p>\n\t\tEn cumplimiento del art\u00edculo 10 de la Ley 34\/2002, de 11 de julio, de Servicios de la Sociedad de la Informaci\u00f3n y Comercio Electr\u00f3nico, el Titular expone sus datos identificativos:\n<\/p>\n\n<p>\n\t<ul>\t\t\n\t\t<li>\n\t\t\t<b>Titular:<\/b>&nbsp;\t\t\n\t\t\t\n\t\t\tEl titular del sitio.\n\t\t<\/li>\n\t\t\n\n\n\t\t<li>\n\t\t\t<b>Domicilio:<\/b>&nbsp;\n\t\t\t  - Espa\u00f1a.\n\t\t<\/li>\n\t\t\n\t\t\n\n\t\t<li>\n\t\t\t<b>Sitio Web:<\/b>&nbsp;\n\t\t\t<a href=\"https:\/\/cocemfetenerife.org\">https:\/\/cocemfetenerife.org<\/a>\n\t\t<\/li>\n\t<\/ul>\n<\/p>\n\n\n\n<h2>Condiciones de Uso<\/h2>\n<p>\n\tLa utilizaci\u00f3n del Sitio Web le otorga la condici\u00f3n de Usuario, e implica la aceptaci\u00f3n completa de todas las cl\u00e1usulas y condiciones de uso incluidas en las p\u00e1ginas:\n\t<ul>\t\t\n\t\t<li><a href=\"https:\/\/cocemfetenerife.org\/index.php\/aviso-legal\/\">Aviso Legal<\/a><\/li>\n\t\t<li><a href=\"https:\/\/cocemfetenerife.org\/index.php\/politica-de-privacidad\/\">Pol\u00edtica de Privacidad<\/a><\/li>\n\t\t<li><a href=\"https:\/\/cocemfetenerife.org\/index.php\/politica-de-cookies\/\">Pol\u00edtica de Cookies<\/a><\/li>\n\t<\/ul>\t\n<\/p>\n\n<p>\n\tSi no estuviera conforme con todas y cada una de estas cl\u00e1usulas y condiciones abst\u00e9ngase de utilizar el Sitio Web.\n<\/p>\n\n<p>\t\n\tEl acceso al Sitio Web no supone, en modo alguno, el inicio de una relaci\u00f3n comercial con el Titular.\n<\/p>\n\n<p>\t\n\tA trav\u00e9s del Sitio Web, el Titular le facilita el acceso y la utilizaci\u00f3n de diversos contenidos que el Titular y\/o sus colaboradores han publicado por medio de Internet.\n<\/p>\n\n<p>\n\tA tal efecto, est\u00e1 obligado y comprometido a NO utilizar cualquiera de los contenidos del Sitio Web con fines o efectos il\u00edcitos, prohibidos en este Aviso Legal o por la legislaci\u00f3n vigente, lesivos de los derechos e intereses de terceros, o que de cualquier forma puedan da\u00f1ar, inutilizar, sobrecargar, deteriorar o impedir la normal utilizaci\u00f3n de los contenidos, los equipos inform\u00e1ticos o los documentos, archivos y toda clase de contenidos almacenados en cualquier equipo inform\u00e1tico propios o contratados por el Titular, de otros usuarios o de cualquier usuario de Internet.\n<\/p>\n\n\n\n\n\n\n<h2>Medidas de seguridad<\/h2>\n<p>\n\tLos datos personales que facilite al Titular pueden ser almacenados en bases de datos automatizadas o no, cuya titularidad corresponde en exclusiva al Titular, que asume todas las medidas de \u00edndole t\u00e9cnica, organizativa y de seguridad que garantizan la confidencialidad, integridad y calidad de la informaci\u00f3n contenida en las mismas de acuerdo con lo establecido en la normativa vigente en protecci\u00f3n de datos.\n<\/p>\n<p>\n\tNo obstante, debe ser consciente de que las medidas de seguridad de los sistemas inform\u00e1ticos en Internet no son enteramente fiables y que, por tanto el Titular no puede garantizar la inexistencia de virus u otros elementos que puedan producir alteraciones en los sistemas inform\u00e1ticos (software y hardware) del Usuario o en sus documentos electr\u00f3nicos y ficheros contenidos en los mismos aunque el Titular pone todos los medios necesarios y toma las medidas de seguridad oportunas para evitar la presencia de estos elementos da\u00f1inos.\n<\/p>\n\n\n<h2>Tratamiento de Datos Personales<\/h2>\n<p>\t\n\tPuede consultar toda la informaci\u00f3n relativa al tratamiento de datos personales que recoge el Titular en la p\u00e1gina de  <a href=\"https:\/\/cocemfetenerife.org\/index.php\/politica-de-privacidad\/\">Pol\u00edtica de Privacidad<\/a>.\n<\/p>\n\n<h2>Contenidos<\/h2>\n<p>\n\tEl Titular ha obtenido la informaci\u00f3n, el contenido multimedia y los materiales incluidos en el Sitio Web de fuentes que considera fiables, pero, si bien ha tomado todas las medidas razonables para asegurar que la informaci\u00f3n contenida es correcta, el Titular no garantiza que sea exacta, completa o actualizada. El Titular declina expresamente cualquier responsabilidad por error u omisi\u00f3n en la informaci\u00f3n contenida en las p\u00e1ginas del Sitio Web.\n<\/p>\n\n<p>\n\tQueda prohibido transmitir o enviar a trav\u00e9s del Sitio Web cualquier contenido ilegal o il\u00edcito, virus inform\u00e1ticos, o mensajes que, en general, afecten o violen derechos del Titular o de terceros.\n<\/p>\n\n<p>\n\tLos contenidos del Sitio Web tienen \u00fanicamente una finalidad informativa y bajo ninguna circunstancia deben usarse ni considerarse como oferta de venta, solicitud de una oferta de compra ni recomendaci\u00f3n para realizar cualquier otra operaci\u00f3n, salvo que as\u00ed se indique expresamente.\n<\/p>\n\n<p>\n\tEl Titular se reserva el derecho a modificar, suspender, cancelar o restringir el contenido del Sitio Web, los v\u00ednculos o la informaci\u00f3n obtenida a trav\u00e9s del Sitio Web, sin necesidad de previo aviso.\n<\/p>\n\n<p>\n\tEl Titular\u00a0no es responsable de los da\u00f1os y perjuicios que pudieran derivarse de la utilizaci\u00f3n de la informaci\u00f3n del Sitio Web.\n<\/p>\n\n\n<h2>Pol\u00edtica de cookies<\/h2>\n<p>\n\tPuede consultar toda la informaci\u00f3n relativa a la pol\u00edtica de recogida y tratamiento de las cookies en la p\u00e1gina de  <a href=\"https:\/\/cocemfetenerife.org\/index.php\/politica-de-cookies\/\">Pol\u00edtica de Cookies<\/a>.\n<\/p>\n\n\n<h2>Enlaces a otros sitios Web<\/h2>\n<p>\n\tEl Titular puede proporcionarle acceso a sitios Web de terceros mediante enlaces con la finalidad exclusiva de informar sobre la existencia de otras fuentes de informaci\u00f3n en Internet en las que podr\u00e1 ampliar los datos ofrecidos en el Sitio Web.\n<\/p>\n\n<p>\t\n\tEstos enlaces a otros sitios Web no suponen en ning\u00fan caso una sugerencia o recomendaci\u00f3n para que usted visite las p\u00e1ginas web de destino, que est\u00e1n fuera del control del Titular, por lo que el Titular no es responsable del contenido de los sitios web vinculados ni del resultado que obtenga al seguir los enlaces.\n\tAsimismo, el Titular no responde de los links o enlaces ubicados en los sitios web vinculados a los que le proporciona acceso.\n<\/p>\n\n<p>\n\tEl establecimiento del enlace no implica en ning\u00fan caso la existencia de relaciones entre el Titular y el propietario del sitio en el que se establezca el enlace, ni la aceptaci\u00f3n o aprobaci\u00f3n por parte del Titular de sus contenidos o servicios.\n<\/p>\n\n<p>\t\n\tSi accede a un sitio web externo desde un enlace que encuentre en el Sitio Web usted deber\u00e1 leer la propia pol\u00edtica de privacidad del otro sitio web que puede ser diferente de la de este sitio Web.\n<\/p>\n\n\n\n<h2>Propiedad intelectual e industrial<\/h2>\n<p>\n\tTodos los derechos est\u00e1n reservados.\n<\/p>\n<p>\n\tTodo acceso a este Sitio Web est\u00e1 sujeto a las siguientes condiciones: la reproducci\u00f3n, almacenaje permanente y la difusi\u00f3n de los contenidos o cualquier otro uso que tenga finalidad p\u00fablica o comercial queda expresamente prohibida sin el consentimiento previo expreso y por escrito del Titular.\n<\/p>\n\n\n<h2>Limitaci\u00f3n de responsabilidad<\/h2>\n<p>\n\tEl Titular declina cualquier responsabilidad en caso de que existan interrupciones o un mal funcionamiento de los Servicios o contenidos ofrecidos en Internet, cualquiera que sea su causa. Asimismo, el Titular no se hace responsable por ca\u00eddas de la red, p\u00e9rdidas de negocio a consecuencia de dichas ca\u00eddas, suspensiones temporales de fluido el\u00e9ctrico o cualquier otro tipo de da\u00f1o indirecto que te pueda ser causado por causas ajenas a el Titular.\n<\/p>\n<p>\n\tAntes de tomar decisiones y\/o acciones con base a la informaci\u00f3n incluida en el Sitio Web, el Titular le recomienda comprobar y contrastar la informaci\u00f3n recibida con otras fuentes.\n<\/p>\n\n\n\n<h2>Jurisdicci\u00f3n<\/h2>\n<p>\t\n\tEste Aviso Legal se rige \u00edntegramente por la legislaci\u00f3n espa\u00f1ola.\n<\/p>\n\n\n\n<p>El presente Aviso Legal tiene por objeto establecer y regular las normas de uso del sitio web&nbsp;cocemfetenerife.org<\/p>\n\n\n\n<p>El acceso y la navegaci\u00f3n en el sitio web o el uso de los servicios del mismo, implican la aceptaci\u00f3n expresa e \u00edntegra de este Aviso Legal, as\u00ed como de la Pol\u00edtica de Protecci\u00f3n de Datos y de la Pol\u00edtica de Cookies, relativa a las finalidades de los tratamientos de los datos que nos facilite. Por favor, le recomendamos que las lea atentamente.<\/p>\n\n\n\n<h2 class=\"wp-block-heading\">Titular<\/h2>\n\n\n\n<p>En cumplimiento de la Ley 34\/2002, de 11 de julio, de Servicios de la Sociedad de la Informaci\u00f3n y del Comercio Electr\u00f3nico (LSSI-CE), los datos identificativos del titular de este sitio web son:<\/p>\n\n\n\n<p><strong>Federaci\u00f3n de Asociaciones de personas con Discapacidad F\u00edsica y Org\u00e1nica de la provincia de Santa Cruz de Tenerife (COCEMFE SANTA CRUZ DE TENERIFE)<\/strong><\/p>\n\n\n\n<p>CIF: G38468096<\/p>\n\n\n\n<p>Direcci\u00f3n: Camino del Hierro, 120 Viviendas, Bloque 1, Locales 1 y 3, 38009, Santa Cruz de Tenerife, Espa\u00f1a.<br>Tel\u00e9fonos: (34) 922.649.654<br>Correo Electr\u00f3nico: info@cocemfetenerife.org<br>N\u00famero Canario de Inscripci\u00f3n: G1\/S2\/5-97\/TF.. Gobierno de Canarias. Consejer\u00eda de Administraciones P\u00fablicas, Justicia y Seguridad.<\/p>\n\n\n\n<h2 class=\"wp-block-heading\">Propiedad intelectual<\/h2>\n\n\n\n<p>COCEMFE SANTA CRUZ DE TENERIFE es titular, y tiene la correspondiente licencia, sobre los derechos de explotaci\u00f3n de propiedad intelectual e industrial del sitio web.<\/p>\n\n\n\n<p>Todos los contenidos, textos e im\u00e1genes presentes en este sitio web son propiedad de COCEMFE SANTA CRUZ DE TENERIFE, incluso todo el contenido que, a t\u00edtulo enunciativo, gr\u00e1ficos, logotipos, marcas, dibujos industriales, iconos, clips de audio o v\u00eddeo, recopilaciones de datos, noticias, informaciones y cualquier otro signo, quedan sujetos y protegidos por los derechos de propiedad intelectual a favor de COCEMFE SANTA CRUZ DE TENERIFE. Queda prohibida su reproducci\u00f3n, distribuci\u00f3n, transformaci\u00f3n, total o parcial, sin la autorizaci\u00f3n expresa de COCEMFE SANTA CRUZ DE TENERIFE.<\/p>\n\n\n\n<p>El Usuario \u00fanicamente tiene derecho a un uso privado de los mismos, necesitando autorizaci\u00f3n expresa de COCEMFE SANTA CRUZ DE TENERIFE para modificarlos, reproducirlos, explotarlos, distribuirlos o cualquier otro derecho perteneciente a su titular.<\/p>\n\n\n\n<p>Sin perjuicio de lo anterior se concede al Usuario los derechos de acceso, descarga, impresi\u00f3n, reproducci\u00f3n en cualquier soporte, as\u00ed como, la utilizaci\u00f3n de los contenidos del sitio web a los que se le permite tener acceso, con fin meramente informativo.<\/p>\n\n\n\n<p>En ning\u00fan caso se entender\u00e1 que el acceso y navegaci\u00f3n del Usuario implica una renuncia, transmisi\u00f3n, licencia o cesi\u00f3n total ni parcial de dichos derechos por parte de COCEMFE SANTA CRUZ DE TENERIFE, sobre cualquier otro derecho relacionado con el sitio web y los servicios ofrecidos en el mismo.<\/p>\n\n\n\n<p>Asimismo, est\u00e1 prohibido modificar, copiar, reutilizar, explotar, reproducir, comunicar p\u00fablicamente, hacer segundas o posteriores publicaciones, cargar archivos, enviar por correo electr\u00f3nico, transmitir, usar, tratar o distribuir de cualquier forma la totalidad o parte de los contenidos incluidos en el sitio web para prop\u00f3sitos p\u00fablicos o comerciales, si no se cuenta con la autorizaci\u00f3n expresa y por escrito de COCEMFE SANTA CRUZ DE TENERIFE o, en su caso, del titular de los derechos a que corresponda.<\/p>\n\n\n\n<p>El Usuario reconoce, en consecuencia, que la reproducci\u00f3n, distribuci\u00f3n, comercializaci\u00f3n, transformaci\u00f3n, y en general, cualquier otra forma de explotaci\u00f3n, por cualquier procedimiento, de todo o parte de los contenidos de este sitio web constituye una infracci\u00f3n de los derechos de propiedad intelectual y\/o industrial del titular de este sitio web o del titular de los mismos.<\/p>\n\n\n\n<h2 class=\"wp-block-heading\">Utilizaci\u00f3n del sitio web<\/h2>\n\n\n\n<p>El Usuario se compromete a utilizar este sitio web, los contenidos y servicios de conformidad con la legalidad vigente y el presente Aviso Legal.<\/p>\n\n\n\n<p>Del mismo modo, el Usuario se obliga a no utilizar este sitio web o los servicios que se presten a trav\u00e9s de \u00e9l con fines o efectos il\u00edcitos o contrarios al contenido del presente Aviso Legal, lesivos de los intereses o derechos de terceros o, que de cualquier forma puedan da\u00f1ar, inutilizar o deteriorar el sitio web o sus servicios o impedir un normal disfrute de este sitio web por otros Usuarios.<\/p>\n\n\n\n<p>Asimismo, el Usuario se compromete expresamente a no destruir, alterar, inutilizar o, de cualquier otra forma, da\u00f1ar los datos, programas o documentos electr\u00f3nicos y dem\u00e1s que se encuentren en este sitio web.<\/p>\n\n\n\n<p>El Usuario se compromete a no obstaculizar el acceso de otros Usuarios al servicio de acceso mediante el consumo masivo de los recursos inform\u00e1ticos a trav\u00e9s de los cuales el titular del sitio web presta el servicio, as\u00ed como a no realizar acciones que da\u00f1en, interrumpan o generen errores en dichos sistemas.<\/p>\n\n\n\n<p>El Usuario se compromete a no introducir programas, virus, macros, applets, controles ActiveX o cualquier otro dispositivo l\u00f3gico o secuencia de caracteres que causen o sean susceptibles de causar cualquier tipo de alteraci\u00f3n en los sistemas inform\u00e1ticos del titular del sitio web o de terceros.<\/p>\n\n\n\n<h2 class=\"wp-block-heading\">Funcionamiento del sitio web<\/h2>\n\n\n\n<p>COCEMFE SANTA CRUZ DE TENERIFE excluye toda responsabilidad que se pudiera derivar de interferencias, omisiones, interrupciones, virus inform\u00e1ticos, aver\u00edas telef\u00f3nicas o desconexiones en el funcionamiento operativo del sistema electr\u00f3nico, motivado por causas ajenas al titular del sitio web.<\/p>\n\n\n\n<p>Asimismo, COCEMFE SANTA CRUZ DE TENERIFE tambi\u00e9n excluye cualquier responsabilidad que pudiera derivarse por retrasos o bloqueos en el funcionamiento operativo de este sistema electr\u00f3nico causado por deficiencias o sobrecarga en las l\u00edneas telef\u00f3nicas o en Internet, as\u00ed como de da\u00f1os causados por terceras personas mediante intromisiones ileg\u00edtimas fuera del control de COCEMFE SANTA CRUZ DE TENERIFE.<\/p>\n\n\n\n<p>COCEMFE SANTA CRUZ DE TENERIFE est\u00e1 facultada para suspender temporalmente, y sin previo aviso, el acceso al sitio web con motivo de operaciones de mantenimiento, reparaci\u00f3n, actualizaci\u00f3n o mejora.<\/p>\n\n\n\n<h2 class=\"wp-block-heading\">R\u00e9gimen de responsabilidad<\/h2>\n\n\n\n<p>COCEMFE SANTA CRUZ DE TENERIFE no garantiza la licitud, fiabilidad, utilidad, veracidad o exactitud de los servicios o de la informaci\u00f3n que se presten por terceros a trav\u00e9s del sitio web.<\/p>\n\n\n\n<p>El Usuario es el \u00fanico responsable de las infracciones en las que pueda incurrir o de los perjuicios que pueda causar por la mala utilizaci\u00f3n del sitio web, quedando COCEMFE SANTA CRUZ DE TENERIFE exonerado de cualquier clase de responsabilidad que se pudiera derivar por las acciones del Usuario.<\/p>\n\n\n\n<p>COCEMFE SANTA CRUZ DE TENERIFE emplear\u00e1 todos los esfuerzos y medios razonables para facilitar informaci\u00f3n actualizada y fehaciente en el sitio web, no obstante, no garantiza la inexistencia de errores o de posibles inexactitudes y\/u omisiones en los contenidos publicados por terceros accesibles a trav\u00e9s de este sitio web.<\/p>\n\n\n\n<p>El Usuario es el \u00fanico responsable frente a cualquier reclamaci\u00f3n o acci\u00f3n legal, judicial o extrajudicial, iniciada por terceras personas contra el titular del sitio web basada en una mala utilizaci\u00f3n por parte del Usuario del sitio web. En su caso, el Usuario asumir\u00e1 cuantos gastos, costes e indemnizaciones sean solicitados a COCEMFE SANTA CRUZ DE TENERIFE con motivo de tales reclamaciones o acciones legales.<\/p>\n\n\n\n<h2 class=\"wp-block-heading\">Jurisdicci\u00f3n y ley aplicable<\/h2>\n\n\n\n<p>El presente Aviso Legal se regir\u00e1 e interpretar\u00e1 conforme a la legislaci\u00f3n espa\u00f1ola.<\/p>\n\n\n\n<p>COCEMFE SANTA CRUZ DE TENERIFE y el Usuario, con renuncia expresa a cualquier otro fuero que pudiera corresponderles, se someten a los Juzgados y Tribunales de la ciudad de Santa Cruz de Tenerife, salvo que la normativa aplicable seg\u00fan el caso impida a las partes someterse a un fuero espec\u00edfico.<\/p>\n\n\n\n<h2 class=\"wp-block-heading\">Actualizaci\u00f3n del aviso legal<\/h2>\n\n\n\n<p>El presente Aviso Legal ha sido establecido en fecha 13 de julio de 2021. En cualquier momento podemos proceder a su modificaci\u00f3n, compruebe la fecha de emisi\u00f3n en cada ocasi\u00f3n en que se conecte a nuestro sitio web y as\u00ed obtendr\u00e1 la certeza de que no se ha producido modificaci\u00f3n alguna que le afecte.<\/p>\n","protected":false},"excerpt":{"rendered":"<p>Identificaci\u00f3n y Titularidad En cumplimiento del art\u00edculo 10 de la Ley 34\/2002, de 11 de julio, de Servicios de la Sociedad de la Informaci\u00f3n y Comercio Electr\u00f3nico, el Titular expone sus datos identificativos: Titular:&nbsp; El titular del sitio. Domicilio:&nbsp; &#8211; Espa\u00f1a. Sitio Web:&nbsp; https:\/\/cocemfetenerife.org Condiciones de Uso La utilizaci\u00f3n del Sitio Web le otorga la [&hellip;]<\/p>\n","protected":false},"author":1,"featured_media":0,"parent":0,"menu_order":0,"comment_status":"closed","ping_status":"closed","template":"","meta":{"_et_pb_use_builder":"","_et_pb_old_content":"","_et_gb_content_width":"","footnotes":""},"class_list":["post-3","page","type-page","status-publish","hentry"],"_links":{"self":[{"href":"https:\/\/cocemfetenerife.org\/index.php\/wp-json\/wp\/v2\/pages\/3","targetHints":{"allow":["GET"]}}],"collection":[{"href":"https:\/\/cocemfetenerife.org\/index.php\/wp-json\/wp\/v2\/pages"}],"about":[{"href":"https:\/\/cocemfetenerife.org\/index.php\/wp-json\/wp\/v2\/types\/page"}],"author":[{"embeddable":true,"href":"https:\/\/cocemfetenerife.org\/index.php\/wp-json\/wp\/v2\/users\/1"}],"replies":[{"embeddable":true,"href":"https:\/\/cocemfetenerife.org\/index.php\/wp-json\/wp\/v2\/comments?post=3"}],"version-history":[{"count":1,"href":"https:\/\/cocemfetenerife.org\/index.php\/wp-json\/wp\/v2\/pages\/3\/revisions"}],"predecessor-version":[{"id":15,"href":"https:\/\/cocemfetenerife.org\/index.php\/wp-json\/wp\/v2\/pages\/3\/revisions\/15"}],"wp:attachment":[{"href":"https:\/\/cocemfetenerife.org\/index.php\/wp-json\/wp\/v2\/media?parent=3"}],"curies":[{"name":"wp","href":"https:\/\/api.w.org\/{rel}","templated":true}]}}